{"id":1173,"date":"2020-02-26T17:24:09","date_gmt":"2020-02-26T17:24:09","guid":{"rendered":"http:\/\/julian-curbach.de\/?page_id=1173"},"modified":"2020-06-16T13:53:48","modified_gmt":"2020-06-16T13:53:48","slug":"vita","status":"publish","type":"page","link":"http:\/\/julian-curbach.de\/?page_id=1173","title":{"rendered":"Vita"},"content":{"rendered":"\n<div class=\"wp-block-image\"><figure class=\"alignright size-large is-resized\"><img loading=\"lazy\" decoding=\"async\" src=\"http:\/\/julian-curbach.de\/wp-content\/uploads\/2020\/02\/190828_Selbst-Portraits_Radial-Colour-Circle_92ppi-1024x1024.jpg\" alt=\"Portrait Julian Curbach\" class=\"wp-image-1735\" width=\"320\" height=\"320\" srcset=\"http:\/\/julian-curbach.de\/wp-content\/uploads\/2020\/02\/190828_Selbst-Portraits_Radial-Colour-Circle_92ppi-1024x1024.jpg 1024w, http:\/\/julian-curbach.de\/wp-content\/uploads\/2020\/02\/190828_Selbst-Portraits_Radial-Colour-Circle_92ppi-300x300.jpg 300w, http:\/\/julian-curbach.de\/wp-content\/uploads\/2020\/02\/190828_Selbst-Portraits_Radial-Colour-Circle_92ppi-150x150.jpg 150w, http:\/\/julian-curbach.de\/wp-content\/uploads\/2020\/02\/190828_Selbst-Portraits_Radial-Colour-Circle_92ppi-768x768.jpg 768w, http:\/\/julian-curbach.de\/wp-content\/uploads\/2020\/02\/190828_Selbst-Portraits_Radial-Colour-Circle_92ppi-1536x1536.jpg 1536w, http:\/\/julian-curbach.de\/wp-content\/uploads\/2020\/02\/190828_Selbst-Portraits_Radial-Colour-Circle_92ppi.jpg 1800w\" sizes=\"auto, (max-width: 320px) 100vw, 320px\" \/><figcaption>Julian Curbach<\/figcaption><\/figure><\/div>\n\n\n\n<p>Julian Curbach, Fotograf und Grafikdesigner mit Erfahrung.<\/p>\n\n\n\n<p>Seit 2016 in seinem eigenem Fotostudio in Erlangen, aber schon viel l\u00e4nger auf den verschiedensten Locations deutschlandweit, bietet er unterschiedliche Leistungen der Fotografie und visuellen Kommunikation in privaten und gewerblichen Bereichen an.<\/p>\n\n\n\n<p><br>Ob individuelle Familienportraits mit Charme oder bei der Ausarbeitung einer werbewirksamen Kampagne f\u00fcr kleine und gro\u00dfe Unternehmen, er ist Ihr richtiger Ansprechpartner.<\/p>\n\n\n\n<p><br>Von Mitarbeiter Portraits, Werbe- und Produktfotos, auff\u00e4ndige Photoshop Manipulationen \u00fcber Logogestaltung und Printdesgn bis zur Reportage der Hochzeit oder Firmenjubil\u00e4en, wenn jemand individuelle und ausdrucksstarke Bilder braucht, ist er bei <strong>Julian Curbach<\/strong> richtig.<\/p>\n\n\n\n<div class=\"wp-block-cover has-background-dim\" style=\"background-image:url(http:\/\/julian-curbach.de\/wp-content\/uploads\/2020\/02\/190828_Selbst-Portraits_Radial-Colour-Circle_92ppi.jpg);min-height:245px;aspect-ratio:unset;\"><div class=\"wp-block-cover__inner-container is-layout-flow wp-block-cover-is-layout-flow\">\n<p class=\"has-text-align-center has-large-font-size\">&#8222;Just Crativitiy with purpose by Julian Curbach&#8220;<\/p>\n<\/div><\/div>\n\n\n\n<p><br><strong>\u00dcber mich:<\/strong><\/p>\n\n\n\n<p>Julian Curbach, ein junger Art Director, Fotograf und Designer mit neuen Ideen.<br><br>Dass es der steinige Weg in die Kreativbranche sein wird, war mir schon in jungen Jahren klar.<br>Seit dem Abitur 2010 habe ich verschiedene Praktika in der Materialverarbeitung wie z.B. Holz, Metall<br>und Glas absolviert, um einen Einblick in die verschiedenen Prozesse zu bekommen.<br>W\u00e4hrenddessen habe ich mich auch immer mit der Farblehre in der Malerei besch\u00e4ftigt, viel gezeichnet und bin mir klar geworden, dass es in die bildende Richtung gehen wird.<br><br>Seit 2012 bin ich selbstst\u00e4ndig als Fotograf und Designer t\u00e4tig und habe meine Ausbildung zum Fotodesigner mit Auszeichnung abgeschlossen.<br><br>V.a. in der Anfangszeit habe ich viel als Assistent und Digital Operator in gr\u00f6\u00dferen Firmen bzw. Agenturen gearbeitet, wodurch ich einen sehr guten Einblick in das Arbeitswesen der Kreativbranche erhalten habe.<br><br>Im M\u00e4rz 2014 habe ich zus\u00e4tzlich eine Ausbildung<br>in Projekt- und Marketingmanagement gemacht um die Selbst\u00e4ndigkeit und gr\u00f6\u00dfere Projekte planen, kalkulieren und umsetzen zu k\u00f6nnen.<br><br>Neben meinen T\u00e4tigkeiten als Fotograf und Designer arbeite ich auch als freier K\u00fcnstler, der sich mit den verschiedensten Medien besch\u00e4ftigt und gerne kombiniert.<br><br>Seit 2016 trage ich den Titel Art Director, den ich mit sehr guten Ergebnissen abgeschlossen habe.<br><br>Das gr\u00f6\u00dfte Erfolgserlebnis war die Gr\u00fcndung meines eigenen Fotostudios 2016 in Erlangen.<\/p>\n\n\n\n<p>Philosophie<br>es gibt unendliche M\u00f6glichkeiten, sowohl f\u00fcr die Bildkomposition als auch f\u00fcr die Bildbearbeitung.<br>Die beiden Bereiche greifen wie Zahnr\u00e4der ineinander und sind nur schwer zu trennen.<br><br>Daher ist Kommunikation eine wesentliche Voraussetzung f\u00fcr eine effektive Zusammenarbeit.<br><br><strong>Ihre W\u00fcnsche mit meiner Kreativit\u00e4t zu realisieren ist mein Ziel!<\/strong><\/p>\n\n\n\n<p>Bei Fragen und f\u00fcr genaue Informationen verwenden Sie bitte das Kontaktformular oder kontaktieren mich direkt unter:<br>kontakt@julian-curbach.de oder<br><br>+49 (0) 176 &#8211; 31 22 61 09 oder 09131 123 543 8<\/p>\n\n\n\n<figure class=\"wp-block-gallery columns-2 is-cropped wp-block-gallery-1 is-layout-flex wp-block-gallery-is-layout-flex\"><ul class=\"blocks-gallery-grid\"><li class=\"blocks-gallery-item\"><figure><img loading=\"lazy\" decoding=\"async\" width=\"1024\" height=\"682\" src=\"http:\/\/julian-curbach.de\/wp-content\/uploads\/2020\/02\/Julian_Curbach_Portaitweb-1024x682.jpg\" alt=\"\" data-id=\"1737\" data-full-url=\"http:\/\/julian-curbach.de\/wp-content\/uploads\/2020\/02\/Julian_Curbach_Portaitweb.jpg\" data-link=\"http:\/\/julian-curbach.de\/?attachment_id=1737\" class=\"wp-image-1737\" srcset=\"http:\/\/julian-curbach.de\/wp-content\/uploads\/2020\/02\/Julian_Curbach_Portaitweb-1024x682.jpg 1024w, http:\/\/julian-curbach.de\/wp-content\/uploads\/2020\/02\/Julian_Curbach_Portaitweb-300x200.jpg 300w, http:\/\/julian-curbach.de\/wp-content\/uploads\/2020\/02\/Julian_Curbach_Portaitweb-768x512.jpg 768w, http:\/\/julian-curbach.de\/wp-content\/uploads\/2020\/02\/Julian_Curbach_Portaitweb.jpg 1280w\" sizes=\"auto, (max-width: 1024px) 100vw, 1024px\" \/><\/figure><\/li><li class=\"blocks-gallery-item\"><figure><img loading=\"lazy\" decoding=\"async\" width=\"1024\" height=\"600\" src=\"http:\/\/julian-curbach.de\/wp-content\/uploads\/2020\/02\/Studio_mit_J_1_web-1024x600.jpg\" alt=\"JC-Atelier\" data-id=\"1741\" data-full-url=\"http:\/\/julian-curbach.de\/wp-content\/uploads\/2020\/02\/Studio_mit_J_1_web.jpg\" data-link=\"http:\/\/julian-curbach.de\/?attachment_id=1741\" class=\"wp-image-1741\" srcset=\"http:\/\/julian-curbach.de\/wp-content\/uploads\/2020\/02\/Studio_mit_J_1_web-1024x600.jpg 1024w, http:\/\/julian-curbach.de\/wp-content\/uploads\/2020\/02\/Studio_mit_J_1_web-300x176.jpg 300w, http:\/\/julian-curbach.de\/wp-content\/uploads\/2020\/02\/Studio_mit_J_1_web-768x450.jpg 768w, http:\/\/julian-curbach.de\/wp-content\/uploads\/2020\/02\/Studio_mit_J_1_web.jpg 1200w\" sizes=\"auto, (max-width: 1024px) 100vw, 1024px\" \/><\/figure><\/li><\/ul><\/figure>\n","protected":false},"excerpt":{"rendered":"<p>Julian Curbach, Fotograf und Grafikdesigner mit Erfahrung. Seit 2016 in seinem eigenem Fotostudio in Erlangen, aber schon viel l\u00e4nger auf den verschiedensten Locations deutschlandweit, bietet er unterschiedliche Leistungen der Fotografie und visuellen Kommunikation in privaten und gewerblichen Bereichen an. Ob individuelle Familienportraits mit Charme oder bei der Ausarbeitung einer werbewirksamen Kampagne f\u00fcr kleine und gro\u00dfe [&hellip;]<\/p>\n","protected":false},"author":1,"featured_media":0,"parent":0,"menu_order":0,"comment_status":"closed","ping_status":"closed","template":"","meta":{"footnotes":""},"class_list":["post-1173","page","type-page","status-publish","hentry"],"_links":{"self":[{"href":"http:\/\/julian-curbach.de\/index.php?rest_route=\/wp\/v2\/pages\/1173","targetHints":{"allow":["GET"]}}],"collection":[{"href":"http:\/\/julian-curbach.de\/index.php?rest_route=\/wp\/v2\/pages"}],"about":[{"href":"http:\/\/julian-curbach.de\/index.php?rest_route=\/wp\/v2\/types\/page"}],"author":[{"embeddable":true,"href":"http:\/\/julian-curbach.de\/index.php?rest_route=\/wp\/v2\/users\/1"}],"replies":[{"embeddable":true,"href":"http:\/\/julian-curbach.de\/index.php?rest_route=%2Fwp%2Fv2%2Fcomments&post=1173"}],"version-history":[{"count":4,"href":"http:\/\/julian-curbach.de\/index.php?rest_route=\/wp\/v2\/pages\/1173\/revisions"}],"predecessor-version":[{"id":1799,"href":"http:\/\/julian-curbach.de\/index.php?rest_route=\/wp\/v2\/pages\/1173\/revisions\/1799"}],"wp:attachment":[{"href":"http:\/\/julian-curbach.de\/index.php?rest_route=%2Fwp%2Fv2%2Fmedia&parent=1173"}],"curies":[{"name":"wp","href":"https:\/\/api.w.org\/{rel}","templated":true}]}}