{"id":1174,"date":"2020-02-26T17:24:09","date_gmt":"2020-02-26T17:24:09","guid":{"rendered":"http:\/\/julian-curbach.de\/?page_id=1174"},"modified":"2020-06-16T13:55:25","modified_gmt":"2020-06-16T13:55:25","slug":"kontakt","status":"publish","type":"page","link":"http:\/\/julian-curbach.de\/?page_id=1174","title":{"rendered":"Kontakt"},"content":{"rendered":"\n<div class=\"wp-block-image\"><figure class=\"alignright size-large is-resized\"><img loading=\"lazy\" decoding=\"async\" src=\"http:\/\/julian-curbach.de\/wp-content\/uploads\/2020\/02\/180927_Selbstportrait_24-1_web-714x1024.jpg\" alt=\"\" class=\"wp-image-1742\" width=\"274\" height=\"393\" srcset=\"http:\/\/julian-curbach.de\/wp-content\/uploads\/2020\/02\/180927_Selbstportrait_24-1_web-714x1024.jpg 714w, http:\/\/julian-curbach.de\/wp-content\/uploads\/2020\/02\/180927_Selbstportrait_24-1_web-209x300.jpg 209w, http:\/\/julian-curbach.de\/wp-content\/uploads\/2020\/02\/180927_Selbstportrait_24-1_web-768x1102.jpg 768w, http:\/\/julian-curbach.de\/wp-content\/uploads\/2020\/02\/180927_Selbstportrait_24-1_web.jpg 892w\" sizes=\"auto, (max-width: 274px) 100vw, 274px\" \/><\/figure><\/div>\n\n\n\n<p class=\"has-text-color has-background has-very-dark-gray-color has-very-light-gray-background-color\">Julian Curbach<br>Fotografie &amp; Design<\/p>\n\n\n\n<p class=\"has-text-color has-background has-very-dark-gray-color has-very-light-gray-background-color\"><strong>JC-Ateli\u00e9r<\/strong><br><br>M\u00f6hrendorfer Stra\u00dfe 3<br>91056 Erlangen<br><br>Email:<br>kontakt@julian-curbach.de <br>Tel.: (+ 49)  09131 123 543 8<br>Mobil: (+ 49)  0176 31 22 61 09 <br><br>F\u00fcr Anfragen, bin ich <br><br>Montag &#8211; Freitag von 9.00 &#8211; 17.30 Uhr<br>und<br>Samstags von 12.00 &#8211; 17.00 Uhr telefonisch oder per Mail erreichbar.<\/p>\n\n\n\n<p style=\"background-color:#f1b158\" class=\"has-text-color has-background has-very-dark-gray-color\">\nDie \u00d6ffnungszeiten des\nStudios variieren je nach Auftragslage. Daher bitte stets einen\nverbindlichen Termin vereinbaren.<\/p>\n","protected":false},"excerpt":{"rendered":"<p>Julian CurbachFotografie &amp; Design JC-Ateli\u00e9r M\u00f6hrendorfer Stra\u00dfe 391056 Erlangen Email:kontakt@julian-curbach.de Tel.: (+ 49) 09131 123 543 8Mobil: (+ 49) 0176 31 22 61 09 F\u00fcr Anfragen, bin ich Montag &#8211; Freitag von 9.00 &#8211; 17.30 UhrundSamstags von 12.00 &#8211; 17.00 Uhr telefonisch oder per Mail erreichbar. Die \u00d6ffnungszeiten des Studios variieren je nach Auftragslage. Daher [&hellip;]<\/p>\n","protected":false},"author":1,"featured_media":0,"parent":0,"menu_order":0,"comment_status":"closed","ping_status":"closed","template":"","meta":{"footnotes":""},"class_list":["post-1174","page","type-page","status-publish","hentry"],"_links":{"self":[{"href":"http:\/\/julian-curbach.de\/index.php?rest_route=\/wp\/v2\/pages\/1174","targetHints":{"allow":["GET"]}}],"collection":[{"href":"http:\/\/julian-curbach.de\/index.php?rest_route=\/wp\/v2\/pages"}],"about":[{"href":"http:\/\/julian-curbach.de\/index.php?rest_route=\/wp\/v2\/types\/page"}],"author":[{"embeddable":true,"href":"http:\/\/julian-curbach.de\/index.php?rest_route=\/wp\/v2\/users\/1"}],"replies":[{"embeddable":true,"href":"http:\/\/julian-curbach.de\/index.php?rest_route=%2Fwp%2Fv2%2Fcomments&post=1174"}],"version-history":[{"count":6,"href":"http:\/\/julian-curbach.de\/index.php?rest_route=\/wp\/v2\/pages\/1174\/revisions"}],"predecessor-version":[{"id":1800,"href":"http:\/\/julian-curbach.de\/index.php?rest_route=\/wp\/v2\/pages\/1174\/revisions\/1800"}],"wp:attachment":[{"href":"http:\/\/julian-curbach.de\/index.php?rest_route=%2Fwp%2Fv2%2Fmedia&parent=1174"}],"curies":[{"name":"wp","href":"https:\/\/api.w.org\/{rel}","templated":true}]}}